{"id":1980,"date":"2022-07-20T09:15:32","date_gmt":"2022-07-20T07:15:32","guid":{"rendered":"https:\/\/mediacycles.fr\/conditions-generales-de-vente\/"},"modified":"2024-07-08T13:13:32","modified_gmt":"2024-07-08T11:13:32","slug":"terms-of-sales","status":"publish","type":"page","link":"https:\/\/mediacycles.fr\/en\/terms-of-sales\/","title":{"rendered":"Terms of Sales"},"content":{"rendered":"\t\t<div data-elementor-type=\"wp-page\" data-elementor-id=\"1980\" class=\"elementor elementor-1980 elementor-1074\" data-elementor-post-type=\"page\">\n\t\t\t\t\t\t<section class=\"elementor-section elementor-top-section elementor-element elementor-element-52cb601 elementor-section-boxed elementor-section-height-default elementor-section-height-default\" data-id=\"52cb601\" data-element_type=\"section\" data-e-type=\"section\" data-settings=\"{&quot;background_background&quot;:&quot;classic&quot;}\">\n\t\t\t\t\t\t<div class=\"elementor-container elementor-column-gap-default\">\n\t\t\t\t\t<div class=\"elementor-column elementor-col-100 elementor-top-column elementor-element elementor-element-91d7be7\" data-id=\"91d7be7\" data-element_type=\"column\" data-e-type=\"column\">\n\t\t\t<div class=\"elementor-widget-wrap elementor-element-populated\">\n\t\t\t\t\t\t\t<\/div>\n\t\t<\/div>\n\t\t\t\t\t<\/div>\n\t\t<\/section>\n\t\t\t\t<section class=\"elementor-section elementor-top-section elementor-element elementor-element-da8ac48 elementor-section-boxed elementor-section-height-default elementor-section-height-default\" data-id=\"da8ac48\" data-element_type=\"section\" data-e-type=\"section\">\n\t\t\t\t\t\t<div class=\"elementor-container elementor-column-gap-default\">\n\t\t\t\t\t<div class=\"elementor-column elementor-col-100 elementor-top-column elementor-element elementor-element-132263f\" data-id=\"132263f\" data-element_type=\"column\" data-e-type=\"column\">\n\t\t\t<div class=\"elementor-widget-wrap elementor-element-populated\">\n\t\t\t\t\t\t<div class=\"elementor-element elementor-element-a15c915 elementor-widget elementor-widget-text-editor\" data-id=\"a15c915\" data-element_type=\"widget\" data-e-type=\"widget\" data-widget_type=\"text-editor.default\">\n\t\t\t\t<div class=\"elementor-widget-container\">\n\t\t\t\t\t\t\t\t\t<p><\/p>\n<h3>R\u00e9GLEMENT DE LOCATION RELATIF \u00e0 LA LOCATION, au gardiennage et aux abris \u00e0 v\u00e9los<\/h3>\n<p><\/p>\n<p><\/p>\n<p>Vous trouverez le r\u00e8glement de location relatif \u00e0 la location de v\u00e9los, au gardiennage de v\u00e9lo et aux abris \u00e0 v\u00e9los, ainsi que les Conditions G\u00e9n\u00e9rales de Vente en ligne en cliquant <span style=\"color: #333399;\"><a style=\"color: #333399;\" href=\"https:\/\/mediacycles.locvelo.com\/Default.aspx\"><strong>ICI<\/strong><\/a><\/span>.\u00a0<\/p>\n<p><\/p>\n<p><\/p>\n<h3>r\u00e9glement de location relatif aux v\u00e9los \u00e0 assistance \u00e9lectrique de m2a<\/h3>\n<p><\/p>\n<p><\/p>\n<p>Vous trouverez le r\u00e8glement de location relatif au service de location des v\u00e9los \u00e0 assistance \u00e9lectrique de Mulhouse Alsace Agglom\u00e9ration, ainsi que les Conditions G\u00e9n\u00e9rales de vente en ligne en cliquant <strong><span style=\"color: #333399;\"><a style=\"color: #333399;\" href=\"https:\/\/m2a.locvelo.com\/Default.aspx\">ICI<\/a><\/span><\/strong>.<\/p>\n<p><\/p>\t\t\t\t\t\t\t\t<\/div>\n\t\t\t\t<\/div>\n\t\t\t\t\t<\/div>\n\t\t<\/div>\n\t\t\t\t\t<\/div>\n\t\t<\/section>\n\t\t\t\t<\/div>\n\t\t","protected":false},"excerpt":{"rendered":"<p>R\u00e9GLEMENT DE LOCATION RELATIF \u00e0 LA LOCATION, au gardiennage et aux abris \u00e0 v\u00e9los Vous trouverez le r\u00e8glement de location relatif \u00e0 la location de v\u00e9los, au gardiennage de v\u00e9lo et aux abris \u00e0 v\u00e9los, ainsi que les Conditions G\u00e9n\u00e9rales de Vente en ligne en cliquant ICI.\u00a0 r\u00e9glement de location relatif aux v\u00e9los \u00e0 assistance [&hellip;]<\/p>\n","protected":false},"author":3,"featured_media":0,"parent":0,"menu_order":0,"comment_status":"closed","ping_status":"closed","template":"","meta":{"inline_featured_image":false,"footnotes":""},"class_list":["post-1980","page","type-page","status-publish","hentry"],"yoast_head":"<!-- This site is optimized with the Yoast SEO plugin v27.5 - https:\/\/yoast.com\/product\/yoast-seo-wordpress\/ -->\n<title>Terms of Sales - Media cycles<\/title>\n<meta name=\"robots\" content=\"index, follow, max-snippet:-1, max-image-preview:large, max-video-preview:-1\" \/>\n<link rel=\"canonical\" href=\"https:\/\/mediacycles.fr\/conditions-generales-de-vente\/\" \/>\n<meta property=\"og:locale\" content=\"en_US\" \/>\n<meta property=\"og:type\" content=\"article\" \/>\n<meta property=\"og:title\" content=\"Terms of Sales - Media cycles\" \/>\n<meta property=\"og:description\" content=\"R\u00e9GLEMENT DE LOCATION RELATIF \u00e0 LA LOCATION, au gardiennage et aux abris \u00e0 v\u00e9los Vous trouverez le r\u00e8glement de location relatif \u00e0 la location de v\u00e9los, au gardiennage de v\u00e9lo et aux abris \u00e0 v\u00e9los, ainsi que les Conditions G\u00e9n\u00e9rales de Vente en ligne en cliquant ICI.\u00a0 r\u00e9glement de location relatif aux v\u00e9los \u00e0 assistance [&hellip;]\" \/>\n<meta property=\"og:url\" content=\"https:\/\/mediacycles.fr\/conditions-generales-de-vente\/\" \/>\n<meta property=\"og:site_name\" content=\"Media cycles\" \/>\n<meta property=\"article:modified_time\" content=\"2024-07-08T11:13:32+00:00\" \/>\n<meta name=\"twitter:card\" content=\"summary_large_image\" \/>\n<meta name=\"twitter:label1\" content=\"Est. reading time\" \/>\n\t<meta name=\"twitter:data1\" content=\"1 minute\" \/>\n<script type=\"application\/ld+json\" class=\"yoast-schema-graph\">{\"@context\":\"https:\\\/\\\/schema.org\",\"@graph\":[{\"@type\":\"WebPage\",\"@id\":\"https:\\\/\\\/mediacycles.fr\\\/conditions-generales-de-vente\\\/\",\"url\":\"https:\\\/\\\/mediacycles.fr\\\/conditions-generales-de-vente\\\/\",\"name\":\"Terms of Sales - Media cycles\",\"isPartOf\":{\"@id\":\"https:\\\/\\\/mediacycles.fr\\\/#website\"},\"datePublished\":\"2022-07-20T07:15:32+00:00\",\"dateModified\":\"2024-07-08T11:13:32+00:00\",\"breadcrumb\":{\"@id\":\"https:\\\/\\\/mediacycles.fr\\\/conditions-generales-de-vente\\\/#breadcrumb\"},\"inLanguage\":\"en-US\",\"potentialAction\":[{\"@type\":\"ReadAction\",\"target\":[\"https:\\\/\\\/mediacycles.fr\\\/conditions-generales-de-vente\\\/\"]}]},{\"@type\":\"BreadcrumbList\",\"@id\":\"https:\\\/\\\/mediacycles.fr\\\/conditions-generales-de-vente\\\/#breadcrumb\",\"itemListElement\":[{\"@type\":\"ListItem\",\"position\":1,\"name\":\"Accueil\",\"item\":\"https:\\\/\\\/mediacycles.fr\\\/\"},{\"@type\":\"ListItem\",\"position\":2,\"name\":\"Terms of Sales\"}]},{\"@type\":\"WebSite\",\"@id\":\"https:\\\/\\\/mediacycles.fr\\\/#website\",\"url\":\"https:\\\/\\\/mediacycles.fr\\\/\",\"name\":\"Media cycles\",\"description\":\"\",\"publisher\":{\"@id\":\"https:\\\/\\\/mediacycles.fr\\\/#organization\"},\"potentialAction\":[{\"@type\":\"SearchAction\",\"target\":{\"@type\":\"EntryPoint\",\"urlTemplate\":\"https:\\\/\\\/mediacycles.fr\\\/?s={search_term_string}\"},\"query-input\":{\"@type\":\"PropertyValueSpecification\",\"valueRequired\":true,\"valueName\":\"search_term_string\"}}],\"inLanguage\":\"en-US\"},{\"@type\":\"Organization\",\"@id\":\"https:\\\/\\\/mediacycles.fr\\\/#organization\",\"name\":\"Media cycles\",\"url\":\"https:\\\/\\\/mediacycles.fr\\\/\",\"logo\":{\"@type\":\"ImageObject\",\"inLanguage\":\"en-US\",\"@id\":\"https:\\\/\\\/mediacycles.fr\\\/#\\\/schema\\\/logo\\\/image\\\/\",\"url\":\"https:\\\/\\\/mediacycles.fr\\\/wp-content\\\/uploads\\\/2022\\\/05\\\/MC-LOGO-QUADRI-HAUTEUR.svg\",\"contentUrl\":\"https:\\\/\\\/mediacycles.fr\\\/wp-content\\\/uploads\\\/2022\\\/05\\\/MC-LOGO-QUADRI-HAUTEUR.svg\",\"width\":595,\"height\":481,\"caption\":\"Media cycles\"},\"image\":{\"@id\":\"https:\\\/\\\/mediacycles.fr\\\/#\\\/schema\\\/logo\\\/image\\\/\"}}]}<\/script>\n<!-- \/ Yoast SEO plugin. -->","yoast_head_json":{"title":"Terms of Sales - Media cycles","robots":{"index":"index","follow":"follow","max-snippet":"max-snippet:-1","max-image-preview":"max-image-preview:large","max-video-preview":"max-video-preview:-1"},"canonical":"https:\/\/mediacycles.fr\/conditions-generales-de-vente\/","og_locale":"en_US","og_type":"article","og_title":"Terms of Sales - Media cycles","og_description":"R\u00e9GLEMENT DE LOCATION RELATIF \u00e0 LA LOCATION, au gardiennage et aux abris \u00e0 v\u00e9los Vous trouverez le r\u00e8glement de location relatif \u00e0 la location de v\u00e9los, au gardiennage de v\u00e9lo et aux abris \u00e0 v\u00e9los, ainsi que les Conditions G\u00e9n\u00e9rales de Vente en ligne en cliquant ICI.\u00a0 r\u00e9glement de location relatif aux v\u00e9los \u00e0 assistance [&hellip;]","og_url":"https:\/\/mediacycles.fr\/conditions-generales-de-vente\/","og_site_name":"Media cycles","article_modified_time":"2024-07-08T11:13:32+00:00","twitter_card":"summary_large_image","twitter_misc":{"Est. reading time":"1 minute"},"schema":{"@context":"https:\/\/schema.org","@graph":[{"@type":"WebPage","@id":"https:\/\/mediacycles.fr\/conditions-generales-de-vente\/","url":"https:\/\/mediacycles.fr\/conditions-generales-de-vente\/","name":"Terms of Sales - Media cycles","isPartOf":{"@id":"https:\/\/mediacycles.fr\/#website"},"datePublished":"2022-07-20T07:15:32+00:00","dateModified":"2024-07-08T11:13:32+00:00","breadcrumb":{"@id":"https:\/\/mediacycles.fr\/conditions-generales-de-vente\/#breadcrumb"},"inLanguage":"en-US","potentialAction":[{"@type":"ReadAction","target":["https:\/\/mediacycles.fr\/conditions-generales-de-vente\/"]}]},{"@type":"BreadcrumbList","@id":"https:\/\/mediacycles.fr\/conditions-generales-de-vente\/#breadcrumb","itemListElement":[{"@type":"ListItem","position":1,"name":"Accueil","item":"https:\/\/mediacycles.fr\/"},{"@type":"ListItem","position":2,"name":"Terms of Sales"}]},{"@type":"WebSite","@id":"https:\/\/mediacycles.fr\/#website","url":"https:\/\/mediacycles.fr\/","name":"Media cycles","description":"","publisher":{"@id":"https:\/\/mediacycles.fr\/#organization"},"potentialAction":[{"@type":"SearchAction","target":{"@type":"EntryPoint","urlTemplate":"https:\/\/mediacycles.fr\/?s={search_term_string}"},"query-input":{"@type":"PropertyValueSpecification","valueRequired":true,"valueName":"search_term_string"}}],"inLanguage":"en-US"},{"@type":"Organization","@id":"https:\/\/mediacycles.fr\/#organization","name":"Media cycles","url":"https:\/\/mediacycles.fr\/","logo":{"@type":"ImageObject","inLanguage":"en-US","@id":"https:\/\/mediacycles.fr\/#\/schema\/logo\/image\/","url":"https:\/\/mediacycles.fr\/wp-content\/uploads\/2022\/05\/MC-LOGO-QUADRI-HAUTEUR.svg","contentUrl":"https:\/\/mediacycles.fr\/wp-content\/uploads\/2022\/05\/MC-LOGO-QUADRI-HAUTEUR.svg","width":595,"height":481,"caption":"Media cycles"},"image":{"@id":"https:\/\/mediacycles.fr\/#\/schema\/logo\/image\/"}}]}},"_links":{"self":[{"href":"https:\/\/mediacycles.fr\/en\/wp-json\/wp\/v2\/pages\/1980","targetHints":{"allow":["GET"]}}],"collection":[{"href":"https:\/\/mediacycles.fr\/en\/wp-json\/wp\/v2\/pages"}],"about":[{"href":"https:\/\/mediacycles.fr\/en\/wp-json\/wp\/v2\/types\/page"}],"author":[{"embeddable":true,"href":"https:\/\/mediacycles.fr\/en\/wp-json\/wp\/v2\/users\/3"}],"replies":[{"embeddable":true,"href":"https:\/\/mediacycles.fr\/en\/wp-json\/wp\/v2\/comments?post=1980"}],"version-history":[{"count":6,"href":"https:\/\/mediacycles.fr\/en\/wp-json\/wp\/v2\/pages\/1980\/revisions"}],"predecessor-version":[{"id":3665,"href":"https:\/\/mediacycles.fr\/en\/wp-json\/wp\/v2\/pages\/1980\/revisions\/3665"}],"wp:attachment":[{"href":"https:\/\/mediacycles.fr\/en\/wp-json\/wp\/v2\/media?parent=1980"}],"curies":[{"name":"wp","href":"https:\/\/api.w.org\/{rel}","templated":true}]}}