{"id":1787,"date":"2022-07-20T09:14:09","date_gmt":"2022-07-20T07:14:09","guid":{"rendered":"https:\/\/mediacycles.fr\/mentions-legales\/"},"modified":"2022-08-31T15:09:56","modified_gmt":"2022-08-31T13:09:56","slug":"legal-notice","status":"publish","type":"page","link":"https:\/\/mediacycles.fr\/en\/legal-notice\/","title":{"rendered":"Legal Notice"},"content":{"rendered":"\t\t<div data-elementor-type=\"wp-page\" data-elementor-id=\"1787\" class=\"elementor elementor-1787 elementor-1070\" data-elementor-post-type=\"page\">\n\t\t\t\t\t\t<section class=\"elementor-section elementor-top-section elementor-element elementor-element-86aa242 elementor-section-boxed elementor-section-height-default elementor-section-height-default\" data-id=\"86aa242\" data-element_type=\"section\" data-e-type=\"section\" data-settings=\"{&quot;background_background&quot;:&quot;classic&quot;}\">\n\t\t\t\t\t\t<div class=\"elementor-container elementor-column-gap-default\">\n\t\t\t\t\t<div class=\"elementor-column elementor-col-100 elementor-top-column elementor-element elementor-element-828ce77\" data-id=\"828ce77\" data-element_type=\"column\" data-e-type=\"column\">\n\t\t\t<div class=\"elementor-widget-wrap elementor-element-populated\">\n\t\t\t\t\t\t\t<\/div>\n\t\t<\/div>\n\t\t\t\t\t<\/div>\n\t\t<\/section>\n\t\t\t\t<section class=\"elementor-section elementor-top-section elementor-element elementor-element-d7ba6a6 elementor-section-boxed elementor-section-height-default elementor-section-height-default\" data-id=\"d7ba6a6\" data-element_type=\"section\" data-e-type=\"section\">\n\t\t\t\t\t\t<div class=\"elementor-container elementor-column-gap-default\">\n\t\t\t\t\t<div class=\"elementor-column elementor-col-100 elementor-top-column elementor-element elementor-element-6b5866d\" data-id=\"6b5866d\" data-element_type=\"column\" data-e-type=\"column\">\n\t\t\t<div class=\"elementor-widget-wrap elementor-element-populated\">\n\t\t\t\t\t\t<div class=\"elementor-element elementor-element-a417c63 elementor-widget elementor-widget-text-editor\" data-id=\"a417c63\" data-element_type=\"widget\" data-e-type=\"widget\" data-widget_type=\"text-editor.default\">\n\t\t\t\t<div class=\"elementor-widget-container\">\n\t\t\t\t\t\t\t\t\t<p>Conform\u00e9ment aux dispositions de la loi n\u00b0 2004-575 du 21 juin 2004 pour la confiance en l&#8217;\u00e9conomie num\u00e9rique, il est pr\u00e9cis\u00e9 aux utilisateurs du site mediacycles68.fr l&#8217;identit\u00e9 des diff\u00e9rents intervenants dans le cadre de sa r\u00e9alisation et de son suivi.<\/p>\t\t\t\t\t\t\t\t<\/div>\n\t\t\t\t<\/div>\n\t\t\t\t<div class=\"elementor-element elementor-element-7a4fd96 text_mention elementor-widget elementor-widget-heading\" data-id=\"7a4fd96\" data-element_type=\"widget\" data-e-type=\"widget\" data-widget_type=\"heading.default\">\n\t\t\t\t<div class=\"elementor-widget-container\">\n\t\t\t\t\t<h2 class=\"elementor-heading-title elementor-size-default\">Edition Du Site<\/h2>\t\t\t\t<\/div>\n\t\t\t\t<\/div>\n\t\t\t\t<div class=\"elementor-element elementor-element-275b1bf elementor-widget elementor-widget-text-editor\" data-id=\"275b1bf\" data-element_type=\"widget\" data-e-type=\"widget\" data-widget_type=\"text-editor.default\">\n\t\t\t\t<div class=\"elementor-widget-container\">\n\t\t\t\t\t\t\t\t\t<p>Le pr\u00e9sent site, accessible \u00e0 l\u2019URL mediacycles68.fr (le \u00ab Site \u00bb), est \u00e9dit\u00e9 par :<br \/>L\u2019association M\u00e9diacycles, enregistr\u00e9e aupr\u00e8s de la pr\u00e9fecture\/sous-pr\u00e9fecture de 68<br \/>\u2013 Sous-Pr\u00e9fecture Mulhouse sous le num\u00e9ro xxx, ayant son si\u00e8ge situ\u00e9 \u00e0 16bis Avenue du G\u00e9n\u00e9ral Leclerc \u2013 BP1006 68050 Mulhouse, repr\u00e9sent\u00e9e par Daniel Kelai d\u00fbment habilit\u00e9(e) <br \/><br \/>Le num\u00e9ro individuel TVA de l\u2019\u00e9diteur est : FR90440930113.<\/p>\t\t\t\t\t\t\t\t<\/div>\n\t\t\t\t<\/div>\n\t\t\t\t<div class=\"elementor-element elementor-element-5474fc1 text_mention elementor-widget elementor-widget-heading\" data-id=\"5474fc1\" data-element_type=\"widget\" data-e-type=\"widget\" data-widget_type=\"heading.default\">\n\t\t\t\t<div class=\"elementor-widget-container\">\n\t\t\t\t\t<h3 class=\"elementor-heading-title elementor-size-default\">H\u00e9bergement<\/h3>\t\t\t\t<\/div>\n\t\t\t\t<\/div>\n\t\t\t\t<div class=\"elementor-element elementor-element-0c96a2f elementor-widget elementor-widget-text-editor\" data-id=\"0c96a2f\" data-element_type=\"widget\" data-e-type=\"widget\" data-widget_type=\"text-editor.default\">\n\t\t\t\t<div class=\"elementor-widget-container\">\n\t\t\t\t\t\t\t\t\t<p>Le Site est h\u00e9berg\u00e9 par la soci\u00e9t\u00e9 OVH, situ\u00e9 2 rue Kellermann \u2013 BP 80157 \u2013 59053<br \/>Roubaix Cedex 1, (contact t\u00e9l\u00e9phonique ou email : 1007).<\/p>\t\t\t\t\t\t\t\t<\/div>\n\t\t\t\t<\/div>\n\t\t\t\t<div class=\"elementor-element elementor-element-8715adb text_mention elementor-widget elementor-widget-heading\" data-id=\"8715adb\" data-element_type=\"widget\" data-e-type=\"widget\" data-widget_type=\"heading.default\">\n\t\t\t\t<div class=\"elementor-widget-container\">\n\t\t\t\t\t<h3 class=\"elementor-heading-title elementor-size-default\">Directeur De Publication<\/h3>\t\t\t\t<\/div>\n\t\t\t\t<\/div>\n\t\t\t\t<div class=\"elementor-element elementor-element-c12f749 elementor-widget elementor-widget-text-editor\" data-id=\"c12f749\" data-element_type=\"widget\" data-e-type=\"widget\" data-widget_type=\"text-editor.default\">\n\t\t\t\t<div class=\"elementor-widget-container\">\n\t\t\t\t\t\t\t\t\tLe Directeur de la publication du Site est .\t\t\t\t\t\t\t\t<\/div>\n\t\t\t\t<\/div>\n\t\t\t\t<div class=\"elementor-element elementor-element-767e346 text_mention elementor-widget elementor-widget-heading\" data-id=\"767e346\" data-element_type=\"widget\" data-e-type=\"widget\" data-widget_type=\"heading.default\">\n\t\t\t\t<div class=\"elementor-widget-container\">\n\t\t\t\t\t<h3 class=\"elementor-heading-title elementor-size-default\">Nous Contacter<\/h3>\t\t\t\t<\/div>\n\t\t\t\t<\/div>\n\t\t\t\t<div class=\"elementor-element elementor-element-60173da elementor-widget elementor-widget-text-editor\" data-id=\"60173da\" data-element_type=\"widget\" data-e-type=\"widget\" data-widget_type=\"text-editor.default\">\n\t\t\t\t<div class=\"elementor-widget-container\">\n\t\t\t\t\t\t\t\t\t<p>Par t\u00e9l\u00e9phone : <span style=\"color: #7a7a7a;\"><a style=\"color: #7a7a7a;\" href=\"tel:+33389452598\">+33389452598<\/a><br \/><\/span>Par email : <span style=\"color: #7a7a7a;\"><a style=\"color: #7a7a7a;\" href=\"mailto:contact@mediacycles68.fr\">contact@mediacycles68.fr<\/a><\/span><br \/>Par courrier : 16 bis Avenue du G\u00e9n\u00e9ral Leclerc \u2013 BP 1006 \u2013 68050 Mulhouse<\/p>\t\t\t\t\t\t\t\t<\/div>\n\t\t\t\t<\/div>\n\t\t\t\t<div class=\"elementor-element elementor-element-a94f357 text_mention elementor-widget elementor-widget-heading\" data-id=\"a94f357\" data-element_type=\"widget\" data-e-type=\"widget\" data-widget_type=\"heading.default\">\n\t\t\t\t<div class=\"elementor-widget-container\">\n\t\t\t\t\t<h3 class=\"elementor-heading-title elementor-size-default\">Donn\u00e9es Personnelles<\/h3>\t\t\t\t<\/div>\n\t\t\t\t<\/div>\n\t\t\t\t<div class=\"elementor-element elementor-element-d8178e2 donne_personnelle elementor-widget elementor-widget-text-editor\" data-id=\"d8178e2\" data-element_type=\"widget\" data-e-type=\"widget\" data-widget_type=\"text-editor.default\">\n\t\t\t\t<div class=\"elementor-widget-container\">\n\t\t\t\t\t\t\t\t\tLe traitement de vos donn\u00e9es \u00e0 caract\u00e8re personnel est r\u00e9gi par notre Charte du respect de la vie priv\u00e9e, disponible depuis la section\n\u00ab Charte de Protection des Donn\u00e9es Personnelles \u00bb, conform\u00e9ment au R\u00e8glement G\u00e9n\u00e9ral sur la Protection des Donn\u00e9es 2016\/679 du 27 avril 2016 (\u00abRGPD\u00bb).\n\nG\u00e9n\u00e9ration des mentions l\u00e9gales par Legalstart.fr.\n\t\t\t\t\t\t\t\t<\/div>\n\t\t\t\t<\/div>\n\t\t\t\t\t<\/div>\n\t\t<\/div>\n\t\t\t\t\t<\/div>\n\t\t<\/section>\n\t\t\t\t<\/div>\n\t\t","protected":false},"excerpt":{"rendered":"<p>Conform\u00e9ment aux dispositions de la loi n\u00b0 2004-575 du 21 juin 2004 pour la confiance en l&#8217;\u00e9conomie num\u00e9rique, il est pr\u00e9cis\u00e9 aux utilisateurs du site mediacycles68.fr l&#8217;identit\u00e9 des diff\u00e9rents intervenants dans le cadre de sa r\u00e9alisation et de son suivi. Edition Du Site Le pr\u00e9sent site, accessible \u00e0 l\u2019URL mediacycles68.fr (le \u00ab Site \u00bb), est [&hellip;]<\/p>\n","protected":false},"author":3,"featured_media":0,"parent":0,"menu_order":0,"comment_status":"closed","ping_status":"closed","template":"","meta":{"inline_featured_image":false,"footnotes":""},"class_list":["post-1787","page","type-page","status-publish","hentry"],"yoast_head":"<!-- This site is optimized with the Yoast SEO plugin v27.3 - https:\/\/yoast.com\/product\/yoast-seo-wordpress\/ -->\n<title>Legal Notice - Media cycles<\/title>\n<meta name=\"robots\" content=\"noindex, nofollow\" \/>\n<meta property=\"og:locale\" content=\"en_US\" \/>\n<meta property=\"og:type\" content=\"article\" \/>\n<meta property=\"og:title\" content=\"Legal Notice - Media cycles\" \/>\n<meta property=\"og:description\" content=\"Conform\u00e9ment aux dispositions de la loi n\u00b0 2004-575 du 21 juin 2004 pour la confiance en l&#8217;\u00e9conomie num\u00e9rique, il est pr\u00e9cis\u00e9 aux utilisateurs du site mediacycles68.fr l&#8217;identit\u00e9 des diff\u00e9rents intervenants dans le cadre de sa r\u00e9alisation et de son suivi. Edition Du Site Le pr\u00e9sent site, accessible \u00e0 l\u2019URL mediacycles68.fr (le \u00ab Site \u00bb), est [&hellip;]\" \/>\n<meta property=\"og:url\" content=\"https:\/\/mediacycles.fr\/mentions-legales\/\" \/>\n<meta property=\"og:site_name\" content=\"Media cycles\" \/>\n<meta property=\"article:modified_time\" content=\"2022-08-31T13:09:56+00:00\" \/>\n<meta name=\"twitter:card\" content=\"summary_large_image\" \/>\n<meta name=\"twitter:label1\" content=\"Est. reading time\" \/>\n\t<meta name=\"twitter:data1\" content=\"1 minute\" \/>\n<script type=\"application\/ld+json\" class=\"yoast-schema-graph\">{\"@context\":\"https:\\\/\\\/schema.org\",\"@graph\":[{\"@type\":\"WebPage\",\"@id\":\"https:\\\/\\\/mediacycles.fr\\\/mentions-legales\\\/\",\"url\":\"https:\\\/\\\/mediacycles.fr\\\/mentions-legales\\\/\",\"name\":\"Legal Notice - Media cycles\",\"isPartOf\":{\"@id\":\"https:\\\/\\\/mediacycles.fr\\\/#website\"},\"datePublished\":\"2022-07-20T07:14:09+00:00\",\"dateModified\":\"2022-08-31T13:09:56+00:00\",\"breadcrumb\":{\"@id\":\"https:\\\/\\\/mediacycles.fr\\\/mentions-legales\\\/#breadcrumb\"},\"inLanguage\":\"en-US\",\"potentialAction\":[{\"@type\":\"ReadAction\",\"target\":[\"https:\\\/\\\/mediacycles.fr\\\/mentions-legales\\\/\"]}]},{\"@type\":\"BreadcrumbList\",\"@id\":\"https:\\\/\\\/mediacycles.fr\\\/mentions-legales\\\/#breadcrumb\",\"itemListElement\":[{\"@type\":\"ListItem\",\"position\":1,\"name\":\"Accueil\",\"item\":\"https:\\\/\\\/mediacycles.fr\\\/\"},{\"@type\":\"ListItem\",\"position\":2,\"name\":\"Legal Notice\"}]},{\"@type\":\"WebSite\",\"@id\":\"https:\\\/\\\/mediacycles.fr\\\/#website\",\"url\":\"https:\\\/\\\/mediacycles.fr\\\/\",\"name\":\"Media cycles\",\"description\":\"\",\"publisher\":{\"@id\":\"https:\\\/\\\/mediacycles.fr\\\/#organization\"},\"potentialAction\":[{\"@type\":\"SearchAction\",\"target\":{\"@type\":\"EntryPoint\",\"urlTemplate\":\"https:\\\/\\\/mediacycles.fr\\\/?s={search_term_string}\"},\"query-input\":{\"@type\":\"PropertyValueSpecification\",\"valueRequired\":true,\"valueName\":\"search_term_string\"}}],\"inLanguage\":\"en-US\"},{\"@type\":\"Organization\",\"@id\":\"https:\\\/\\\/mediacycles.fr\\\/#organization\",\"name\":\"Media cycles\",\"url\":\"https:\\\/\\\/mediacycles.fr\\\/\",\"logo\":{\"@type\":\"ImageObject\",\"inLanguage\":\"en-US\",\"@id\":\"https:\\\/\\\/mediacycles.fr\\\/#\\\/schema\\\/logo\\\/image\\\/\",\"url\":\"https:\\\/\\\/mediacycles.fr\\\/wp-content\\\/uploads\\\/2022\\\/05\\\/MC-LOGO-QUADRI-HAUTEUR.svg\",\"contentUrl\":\"https:\\\/\\\/mediacycles.fr\\\/wp-content\\\/uploads\\\/2022\\\/05\\\/MC-LOGO-QUADRI-HAUTEUR.svg\",\"width\":595,\"height\":481,\"caption\":\"Media cycles\"},\"image\":{\"@id\":\"https:\\\/\\\/mediacycles.fr\\\/#\\\/schema\\\/logo\\\/image\\\/\"}}]}<\/script>\n<!-- \/ Yoast SEO plugin. -->","yoast_head_json":{"title":"Legal Notice - Media cycles","robots":{"index":"noindex","follow":"nofollow"},"og_locale":"en_US","og_type":"article","og_title":"Legal Notice - Media cycles","og_description":"Conform\u00e9ment aux dispositions de la loi n\u00b0 2004-575 du 21 juin 2004 pour la confiance en l&#8217;\u00e9conomie num\u00e9rique, il est pr\u00e9cis\u00e9 aux utilisateurs du site mediacycles68.fr l&#8217;identit\u00e9 des diff\u00e9rents intervenants dans le cadre de sa r\u00e9alisation et de son suivi. Edition Du Site Le pr\u00e9sent site, accessible \u00e0 l\u2019URL mediacycles68.fr (le \u00ab Site \u00bb), est [&hellip;]","og_url":"https:\/\/mediacycles.fr\/mentions-legales\/","og_site_name":"Media cycles","article_modified_time":"2022-08-31T13:09:56+00:00","twitter_card":"summary_large_image","twitter_misc":{"Est. reading time":"1 minute"},"schema":{"@context":"https:\/\/schema.org","@graph":[{"@type":"WebPage","@id":"https:\/\/mediacycles.fr\/mentions-legales\/","url":"https:\/\/mediacycles.fr\/mentions-legales\/","name":"Legal Notice - Media cycles","isPartOf":{"@id":"https:\/\/mediacycles.fr\/#website"},"datePublished":"2022-07-20T07:14:09+00:00","dateModified":"2022-08-31T13:09:56+00:00","breadcrumb":{"@id":"https:\/\/mediacycles.fr\/mentions-legales\/#breadcrumb"},"inLanguage":"en-US","potentialAction":[{"@type":"ReadAction","target":["https:\/\/mediacycles.fr\/mentions-legales\/"]}]},{"@type":"BreadcrumbList","@id":"https:\/\/mediacycles.fr\/mentions-legales\/#breadcrumb","itemListElement":[{"@type":"ListItem","position":1,"name":"Accueil","item":"https:\/\/mediacycles.fr\/"},{"@type":"ListItem","position":2,"name":"Legal Notice"}]},{"@type":"WebSite","@id":"https:\/\/mediacycles.fr\/#website","url":"https:\/\/mediacycles.fr\/","name":"Media cycles","description":"","publisher":{"@id":"https:\/\/mediacycles.fr\/#organization"},"potentialAction":[{"@type":"SearchAction","target":{"@type":"EntryPoint","urlTemplate":"https:\/\/mediacycles.fr\/?s={search_term_string}"},"query-input":{"@type":"PropertyValueSpecification","valueRequired":true,"valueName":"search_term_string"}}],"inLanguage":"en-US"},{"@type":"Organization","@id":"https:\/\/mediacycles.fr\/#organization","name":"Media cycles","url":"https:\/\/mediacycles.fr\/","logo":{"@type":"ImageObject","inLanguage":"en-US","@id":"https:\/\/mediacycles.fr\/#\/schema\/logo\/image\/","url":"https:\/\/mediacycles.fr\/wp-content\/uploads\/2022\/05\/MC-LOGO-QUADRI-HAUTEUR.svg","contentUrl":"https:\/\/mediacycles.fr\/wp-content\/uploads\/2022\/05\/MC-LOGO-QUADRI-HAUTEUR.svg","width":595,"height":481,"caption":"Media cycles"},"image":{"@id":"https:\/\/mediacycles.fr\/#\/schema\/logo\/image\/"}}]}},"_links":{"self":[{"href":"https:\/\/mediacycles.fr\/en\/wp-json\/wp\/v2\/pages\/1787","targetHints":{"allow":["GET"]}}],"collection":[{"href":"https:\/\/mediacycles.fr\/en\/wp-json\/wp\/v2\/pages"}],"about":[{"href":"https:\/\/mediacycles.fr\/en\/wp-json\/wp\/v2\/types\/page"}],"author":[{"embeddable":true,"href":"https:\/\/mediacycles.fr\/en\/wp-json\/wp\/v2\/users\/3"}],"replies":[{"embeddable":true,"href":"https:\/\/mediacycles.fr\/en\/wp-json\/wp\/v2\/comments?post=1787"}],"version-history":[{"count":8,"href":"https:\/\/mediacycles.fr\/en\/wp-json\/wp\/v2\/pages\/1787\/revisions"}],"predecessor-version":[{"id":2889,"href":"https:\/\/mediacycles.fr\/en\/wp-json\/wp\/v2\/pages\/1787\/revisions\/2889"}],"wp:attachment":[{"href":"https:\/\/mediacycles.fr\/en\/wp-json\/wp\/v2\/media?parent=1787"}],"curies":[{"name":"wp","href":"https:\/\/api.w.org\/{rel}","templated":true}]}}