{"id":1785,"date":"2022-07-14T15:23:49","date_gmt":"2022-07-14T13:23:49","guid":{"rendered":"https:\/\/mediacycles.fr\/les-cycles-le-gardiennage\/"},"modified":"2025-01-22T10:38:23","modified_gmt":"2025-01-22T09:38:23","slug":"cycles-guarding","status":"publish","type":"page","link":"https:\/\/mediacycles.fr\/en\/cycles-guarding\/","title":{"rendered":"Cycles &#8211; Guarding"},"content":{"rendered":"\t\t<div data-elementor-type=\"wp-page\" data-elementor-id=\"1785\" class=\"elementor elementor-1785 elementor-625\" data-elementor-post-type=\"page\">\n\t\t\t\t\t\t<section class=\"elementor-section elementor-top-section elementor-element elementor-element-623721b elementor-section-boxed elementor-section-height-default elementor-section-height-default\" data-id=\"623721b\" data-element_type=\"section\" data-e-type=\"section\" data-settings=\"{&quot;background_background&quot;:&quot;classic&quot;}\">\n\t\t\t\t\t\t<div class=\"elementor-container elementor-column-gap-default\">\n\t\t\t\t\t<div class=\"elementor-column elementor-col-100 elementor-top-column elementor-element elementor-element-d62da74\" data-id=\"d62da74\" data-element_type=\"column\" data-e-type=\"column\">\n\t\t\t<div class=\"elementor-widget-wrap elementor-element-populated\">\n\t\t\t\t\t\t\t<\/div>\n\t\t<\/div>\n\t\t\t\t\t<\/div>\n\t\t<\/section>\n\t\t\t\t<section class=\"elementor-section elementor-top-section elementor-element elementor-element-7201e68 elementor-section-height-min-height elementor-section-boxed elementor-section-height-default elementor-section-items-middle\" data-id=\"7201e68\" data-element_type=\"section\" data-e-type=\"section\" data-settings=\"{&quot;background_background&quot;:&quot;classic&quot;}\">\n\t\t\t\t\t\t<div class=\"elementor-container elementor-column-gap-default\">\n\t\t\t\t\t<div class=\"elementor-column elementor-col-100 elementor-top-column elementor-element elementor-element-4fc86fe\" data-id=\"4fc86fe\" data-element_type=\"column\" data-e-type=\"column\">\n\t\t\t<div class=\"elementor-widget-wrap elementor-element-populated\">\n\t\t\t\t\t\t<div class=\"elementor-element elementor-element-6345380 elementor-widget elementor-widget-heading\" data-id=\"6345380\" data-element_type=\"widget\" data-e-type=\"widget\" data-widget_type=\"heading.default\">\n\t\t\t\t<div class=\"elementor-widget-container\">\n\t\t\t\t\t<h2 class=\"elementor-heading-title elementor-size-default\">I want to keep my bike<\/h2>\t\t\t\t<\/div>\n\t\t\t\t<\/div>\n\t\t\t\t<div class=\"elementor-element elementor-element-6837391 elementor-widget elementor-widget-text-editor\" data-id=\"6837391\" data-element_type=\"widget\" data-e-type=\"widget\" data-widget_type=\"text-editor.default\">\n\t\t\t\t<div class=\"elementor-widget-container\">\n\t\t\t\t\t\t\t\t\t<p>Do you have your own bike? M\u00e9diacycles offers you a range of parking solutions for your bike. There are several types of bike storage available to you: secure storage in our branches with a human presence available Monday to Friday, in bike sheds and in veloboxes.<\/p>\n\t\t\t\t\t\t\t\t<\/div>\n\t\t\t\t<\/div>\n\t\t\t\t\t<\/div>\n\t\t<\/div>\n\t\t\t\t\t<\/div>\n\t\t<\/section>\n\t\t\t\t<section class=\"elementor-section elementor-top-section elementor-element elementor-element-ffbac08 elementor-section-full_width elementor-section-height-default elementor-section-height-default\" data-id=\"ffbac08\" data-element_type=\"section\" data-e-type=\"section\" data-settings=\"{&quot;background_background&quot;:&quot;classic&quot;}\">\n\t\t\t\t\t\t<div class=\"elementor-container elementor-column-gap-default\">\n\t\t\t\t\t<div class=\"elementor-column elementor-col-100 elementor-top-column elementor-element elementor-element-40fab7c\" data-id=\"40fab7c\" data-element_type=\"column\" data-e-type=\"column\" data-settings=\"{&quot;background_background&quot;:&quot;classic&quot;}\">\n\t\t\t<div class=\"elementor-widget-wrap elementor-element-populated\">\n\t\t\t\t\t\t<div class=\"elementor-element elementor-element-8a2c608 elementor-widget elementor-widget-image\" data-id=\"8a2c608\" data-element_type=\"widget\" data-e-type=\"widget\" data-widget_type=\"image.default\">\n\t\t\t\t<div class=\"elementor-widget-container\">\n\t\t\t\t\t\t\t\t\t\t\t\t\t\t\t<img fetchpriority=\"high\" decoding=\"async\" width=\"2560\" height=\"588\" src=\"https:\/\/mediacycles.fr\/wp-content\/uploads\/2022\/07\/bandeau-09-scaled.jpg\" class=\"attachment-full size-full wp-image-1725\" alt=\"\" srcset=\"https:\/\/mediacycles.fr\/wp-content\/uploads\/2022\/07\/bandeau-09-scaled.jpg 2560w, https:\/\/mediacycles.fr\/wp-content\/uploads\/2022\/07\/bandeau-09-300x69.jpg 300w, https:\/\/mediacycles.fr\/wp-content\/uploads\/2022\/07\/bandeau-09-1024x235.jpg 1024w, https:\/\/mediacycles.fr\/wp-content\/uploads\/2022\/07\/bandeau-09-768x176.jpg 768w, https:\/\/mediacycles.fr\/wp-content\/uploads\/2022\/07\/bandeau-09-1536x353.jpg 1536w, https:\/\/mediacycles.fr\/wp-content\/uploads\/2022\/07\/bandeau-09-2048x470.jpg 2048w\" sizes=\"(max-width: 2560px) 100vw, 2560px\" \/>\t\t\t\t\t\t\t\t\t\t\t\t\t\t\t<\/div>\n\t\t\t\t<\/div>\n\t\t\t\t\t<\/div>\n\t\t<\/div>\n\t\t\t\t\t<\/div>\n\t\t<\/section>\n\t\t\t\t<section class=\"elementor-section elementor-top-section elementor-element elementor-element-3935ab7 elementor-section-boxed elementor-section-height-default elementor-section-height-default\" data-id=\"3935ab7\" data-element_type=\"section\" data-e-type=\"section\">\n\t\t\t\t\t\t<div class=\"elementor-container elementor-column-gap-wide\">\n\t\t\t\t\t<div class=\"elementor-column elementor-col-33 elementor-top-column elementor-element elementor-element-55c8eb6\" data-id=\"55c8eb6\" data-element_type=\"column\" data-e-type=\"column\">\n\t\t\t<div class=\"elementor-widget-wrap elementor-element-populated\">\n\t\t\t\t\t\t<div class=\"elementor-element elementor-element-8d9e567 elementor-widget elementor-widget-heading\" data-id=\"8d9e567\" data-element_type=\"widget\" data-e-type=\"widget\" data-widget_type=\"heading.default\">\n\t\t\t\t<div class=\"elementor-widget-container\">\n\t\t\t\t\t<h2 class=\"elementor-heading-title elementor-size-default\">Guarding in the agency <\/h2>\t\t\t\t<\/div>\n\t\t\t\t<\/div>\n\t\t\t\t<div class=\"elementor-element elementor-element-82e7725 elementor-widget elementor-widget-text-editor\" data-id=\"82e7725\" data-element_type=\"widget\" data-e-type=\"widget\" data-widget_type=\"text-editor.default\">\n\t\t\t\t<div class=\"elementor-widget-container\">\n\t\t\t\t\t\t\t\t\t<p>We offer secure and guarded bicycle parking spaces at our Mulhouse and Saint-Louis branches. Our branches are open from Monday to Friday:<\/p>\n<p>Mulhouse train station, 5.45 am to 8 pm<br \/>\nAt the Cit\u00e9 du V\u00e9lo from 7.30 am to 7.30 pm and Saturday from 8 am to 8 pm<br \/>\nAt Saint-Louis station from 6 am to 10 am and from 4 pm to 8 pm.<\/p>\n<p>RATES :<\/p>\n<p>Mulhouse station and Cit\u00e9 du v\u00e9lo :<\/p>\n<p>1\/2 DAY: \u20ac1.50<br \/>\nDAY: \u20ac2<br \/>\nWEEKLY: \u20ac4<br \/>\nMONTHLY : \u20ac7<br \/>\nYEAR: \u20ac70<\/p>\n<p>Saint-Louis train station :<\/p>\n<div>WEEK : \u20ac4<\/div>\n<div class=\"notranslate\" style=\"all: initial;\">MONTHLY : \u20ac7<br \/>\nYEAR: \u20ac70<\/div>\n\t\t\t\t\t\t\t\t<\/div>\n\t\t\t\t<\/div>\n\t\t\t\t<div class=\"elementor-element elementor-element-91822e9 elementor-widget elementor-widget-text-editor\" data-id=\"91822e9\" data-element_type=\"widget\" data-e-type=\"widget\" data-widget_type=\"text-editor.default\">\n\t\t\t\t<div class=\"elementor-widget-container\">\n\t\t\t\t\t\t\t\t\t<p><strong>How to access the service :<\/strong><\/p>\n<p>Go to the branch with your ID and your bike!<\/p>\n\t\t\t\t\t\t\t\t<\/div>\n\t\t\t\t<\/div>\n\t\t\t\t<div class=\"elementor-element elementor-element-117d1ab elementor-mobile-align-center elementor-widget elementor-widget-button\" data-id=\"117d1ab\" data-element_type=\"widget\" data-e-type=\"widget\" data-widget_type=\"button.default\">\n\t\t\t\t<div class=\"elementor-widget-container\">\n\t\t\t\t\t\t\t\t\t<div class=\"elementor-button-wrapper\">\n\t\t\t\t\t<a class=\"elementor-button elementor-button-link elementor-size-sm\" href=\"#\">\n\t\t\t\t\t\t<span class=\"elementor-button-content-wrapper\">\n\t\t\t\t\t\t\t\t\t<span class=\"elementor-button-text\">I reserve<\/span>\n\t\t\t\t\t<\/span>\n\t\t\t\t\t<\/a>\n\t\t\t\t<\/div>\n\t\t\t\t\t\t\t\t<\/div>\n\t\t\t\t<\/div>\n\t\t\t\t\t<\/div>\n\t\t<\/div>\n\t\t\t\t<div class=\"elementor-column elementor-col-33 elementor-top-column elementor-element elementor-element-5c114b3\" data-id=\"5c114b3\" data-element_type=\"column\" data-e-type=\"column\">\n\t\t\t<div class=\"elementor-widget-wrap elementor-element-populated\">\n\t\t\t\t\t\t<div class=\"elementor-element elementor-element-f0cbcbb elementor-widget elementor-widget-heading\" data-id=\"f0cbcbb\" data-element_type=\"widget\" data-e-type=\"widget\" data-widget_type=\"heading.default\">\n\t\t\t\t<div class=\"elementor-widget-container\">\n\t\t\t\t\t<h2 class=\"elementor-heading-title elementor-size-default\">Bicycle shelter - Parvis station of Mulhouse<\/h2>\t\t\t\t<\/div>\n\t\t\t\t<\/div>\n\t\t\t\t<div class=\"elementor-element elementor-element-636918e elementor-widget elementor-widget-text-editor\" data-id=\"636918e\" data-element_type=\"widget\" data-e-type=\"widget\" data-widget_type=\"text-editor.default\">\n\t\t\t\t<div class=\"elementor-widget-container\">\n\t\t\t\t\t\t\t\t\t<p>The bike shed on the forecourt of Mulhouse station is accessible by badge 24 hours a day, 7 days a week. MEDIACYCLES distributes badges at the branch during opening hours.<\/p>\n\t\t\t\t\t\t\t\t<\/div>\n\t\t\t\t<\/div>\n\t\t\t\t<div class=\"elementor-element elementor-element-2fcfee7 elementor-widget elementor-widget-text-editor\" data-id=\"2fcfee7\" data-element_type=\"widget\" data-e-type=\"widget\" data-widget_type=\"text-editor.default\">\n\t\t\t\t<div class=\"elementor-widget-container\">\n\t\t\t\t\t\t\t\t\t<p>single rate &#8211; <b>20\u20ac \/ year<\/b><\/p>\n\t\t\t\t\t\t\t\t<\/div>\n\t\t\t\t<\/div>\n\t\t\t\t<div class=\"elementor-element elementor-element-3f68e4b elementor-widget elementor-widget-text-editor\" data-id=\"3f68e4b\" data-element_type=\"widget\" data-e-type=\"widget\" data-widget_type=\"text-editor.default\">\n\t\t\t\t<div class=\"elementor-widget-container\">\n\t\t\t\t\t\t\t\t\t<strong>How to access the service :<\/strong>\r\n\r\nGo to MEDIACYCLES with your ID and your bike!\t\t\t\t\t\t\t\t<\/div>\n\t\t\t\t<\/div>\n\t\t\t\t<div class=\"elementor-element elementor-element-02f7fc2 elementor-mobile-align-center elementor-widget elementor-widget-button\" data-id=\"02f7fc2\" data-element_type=\"widget\" data-e-type=\"widget\" data-widget_type=\"button.default\">\n\t\t\t\t<div class=\"elementor-widget-container\">\n\t\t\t\t\t\t\t\t\t<div class=\"elementor-button-wrapper\">\n\t\t\t\t\t<a class=\"elementor-button elementor-button-link elementor-size-sm\" href=\"#\">\n\t\t\t\t\t\t<span class=\"elementor-button-content-wrapper\">\n\t\t\t\t\t\t\t\t\t<span class=\"elementor-button-text\">I reserve<\/span>\n\t\t\t\t\t<\/span>\n\t\t\t\t\t<\/a>\n\t\t\t\t<\/div>\n\t\t\t\t\t\t\t\t<\/div>\n\t\t\t\t<\/div>\n\t\t\t\t\t<\/div>\n\t\t<\/div>\n\t\t\t\t<div class=\"elementor-column elementor-col-33 elementor-top-column elementor-element elementor-element-eb4e21b\" data-id=\"eb4e21b\" data-element_type=\"column\" data-e-type=\"column\">\n\t\t\t<div class=\"elementor-widget-wrap elementor-element-populated\">\n\t\t\t\t\t\t<div class=\"elementor-element elementor-element-ca7761e elementor-widget elementor-widget-heading\" data-id=\"ca7761e\" data-element_type=\"widget\" data-e-type=\"widget\" data-widget_type=\"heading.default\">\n\t\t\t\t<div class=\"elementor-widget-container\">\n\t\t\t\t\t<h2 class=\"elementor-heading-title elementor-size-default\">Bicycle shelter - V\u00e9loBox<br><\/h2>\t\t\t\t<\/div>\n\t\t\t\t<\/div>\n\t\t\t\t<div class=\"elementor-element elementor-element-b5ed1d4 elementor-widget elementor-widget-text-editor\" data-id=\"b5ed1d4\" data-element_type=\"widget\" data-e-type=\"widget\" data-widget_type=\"text-editor.default\">\n\t\t\t\t<div class=\"elementor-widget-container\">\n\t\t\t\t\t\t\t\t\t<p>New offer! A service that&#8217;s closer to you! You can now park your bike in Mulhouse&#8217;s new veloboxes. We have 3 veloboxes: one in rue des Cordiers, one in rue Lambert and one in place du Rattachement.<\/p>\n\t\t\t\t\t\t\t\t<\/div>\n\t\t\t\t<\/div>\n\t\t\t\t<div class=\"elementor-element elementor-element-f93c40d elementor-widget elementor-widget-text-editor\" data-id=\"f93c40d\" data-element_type=\"widget\" data-e-type=\"widget\" data-widget_type=\"text-editor.default\">\n\t\t\t\t<div class=\"elementor-widget-container\">\n\t\t\t\t\t\t\t\t\t<p>MONTHLY &#8211; <strong>5\u20ac<\/strong><\/p>\n<p>QUARTERLY &#8211; <strong>12\u20ac<\/strong><\/p>\n\t\t\t\t\t\t\t\t<\/div>\n\t\t\t\t<\/div>\n\t\t\t\t<div class=\"elementor-element elementor-element-2e2ccc7 elementor-widget elementor-widget-text-editor\" data-id=\"2e2ccc7\" data-element_type=\"widget\" data-e-type=\"widget\" data-widget_type=\"text-editor.default\">\n\t\t\t\t<div class=\"elementor-widget-container\">\n\t\t\t\t\t\t\t\t\t<p><strong>How to access the service :<\/strong><\/p>\n<p>Go to MEDIACYCLES with your ID and your bike!<\/p>\n<p><b>Le petit + :<\/b><\/p>\n<p>Pour toute souscription \u00e0 ce service, un marquage v\u00e9lo d&#8217;une valeur de 10\u20ac vous est offert (sous r\u00e9serve que votre v\u00e9lo ne soit pas d\u00e9j\u00e0 identifi\u00e9 par un marquage).<\/p>\n\t\t\t\t\t\t\t\t<\/div>\n\t\t\t\t<\/div>\n\t\t\t\t<div class=\"elementor-element elementor-element-a7c0614 elementor-mobile-align-center elementor-widget elementor-widget-button\" data-id=\"a7c0614\" data-element_type=\"widget\" data-e-type=\"widget\" data-widget_type=\"button.default\">\n\t\t\t\t<div class=\"elementor-widget-container\">\n\t\t\t\t\t\t\t\t\t<div class=\"elementor-button-wrapper\">\n\t\t\t\t\t<a class=\"elementor-button elementor-button-link elementor-size-sm\" href=\"#\">\n\t\t\t\t\t\t<span class=\"elementor-button-content-wrapper\">\n\t\t\t\t\t\t\t\t\t<span class=\"elementor-button-text\">I reserve<\/span>\n\t\t\t\t\t<\/span>\n\t\t\t\t\t<\/a>\n\t\t\t\t<\/div>\n\t\t\t\t\t\t\t\t<\/div>\n\t\t\t\t<\/div>\n\t\t\t\t\t<\/div>\n\t\t<\/div>\n\t\t\t\t\t<\/div>\n\t\t<\/section>\n\t\t\t\t<\/div>\n\t\t","protected":false},"excerpt":{"rendered":"<p>I want to keep my bike Do you have your own bike? M\u00e9diacycles offers you a range of parking solutions for your bike. There are several types of bike storage available to you: secure storage in our branches with a human presence available Monday to Friday, in bike sheds and in veloboxes. Guarding in the [&hellip;]<\/p>\n","protected":false},"author":3,"featured_media":0,"parent":0,"menu_order":0,"comment_status":"closed","ping_status":"closed","template":"","meta":{"inline_featured_image":false,"footnotes":""},"class_list":["post-1785","page","type-page","status-publish","hentry"],"yoast_head":"<!-- This site is optimized with the Yoast SEO plugin v27.4 - https:\/\/yoast.com\/product\/yoast-seo-wordpress\/ -->\n<title>Cycles - Guarding - Media cycles<\/title>\n<meta name=\"description\" content=\"Would you like to have your bike looked after in complete safety in the Mulhouse area? Come and discover our two types of bike storage.\" \/>\n<meta name=\"robots\" content=\"index, follow, max-snippet:-1, max-image-preview:large, max-video-preview:-1\" \/>\n<link rel=\"canonical\" href=\"https:\/\/mediacycles.fr\/les-cycles-le-gardiennage\/\" \/>\n<meta property=\"og:locale\" content=\"en_US\" \/>\n<meta property=\"og:type\" content=\"article\" \/>\n<meta property=\"og:title\" content=\"Cycles - Guarding - Media cycles\" \/>\n<meta property=\"og:description\" content=\"Would you like to have your bike looked after in complete safety in the Mulhouse area? Come and discover our two types of bike storage.\" \/>\n<meta property=\"og:url\" content=\"https:\/\/mediacycles.fr\/les-cycles-le-gardiennage\/\" \/>\n<meta property=\"og:site_name\" content=\"Media cycles\" \/>\n<meta property=\"article:modified_time\" content=\"2025-01-22T09:38:23+00:00\" \/>\n<meta property=\"og:image\" content=\"https:\/\/mediacycles.fr\/wp-content\/uploads\/2022\/07\/bandeau-09-scaled.jpg\" \/>\n\t<meta property=\"og:image:width\" content=\"2560\" \/>\n\t<meta property=\"og:image:height\" content=\"588\" \/>\n\t<meta property=\"og:image:type\" content=\"image\/jpeg\" \/>\n<meta name=\"twitter:card\" content=\"summary_large_image\" \/>\n<meta name=\"twitter:label1\" content=\"Est. reading time\" \/>\n\t<meta name=\"twitter:data1\" content=\"2 minutes\" \/>\n<script type=\"application\/ld+json\" class=\"yoast-schema-graph\">{\"@context\":\"https:\\\/\\\/schema.org\",\"@graph\":[{\"@type\":\"WebPage\",\"@id\":\"https:\\\/\\\/mediacycles.fr\\\/les-cycles-le-gardiennage\\\/\",\"url\":\"https:\\\/\\\/mediacycles.fr\\\/les-cycles-le-gardiennage\\\/\",\"name\":\"Cycles - Guarding - Media cycles\",\"isPartOf\":{\"@id\":\"https:\\\/\\\/mediacycles.fr\\\/#website\"},\"primaryImageOfPage\":{\"@id\":\"https:\\\/\\\/mediacycles.fr\\\/les-cycles-le-gardiennage\\\/#primaryimage\"},\"image\":{\"@id\":\"https:\\\/\\\/mediacycles.fr\\\/les-cycles-le-gardiennage\\\/#primaryimage\"},\"thumbnailUrl\":\"https:\\\/\\\/mediacycles.fr\\\/wp-content\\\/uploads\\\/2022\\\/07\\\/bandeau-09-scaled.jpg\",\"datePublished\":\"2022-07-14T13:23:49+00:00\",\"dateModified\":\"2025-01-22T09:38:23+00:00\",\"description\":\"Would you like to have your bike looked after in complete safety in the Mulhouse area? Come and discover our two types of bike storage.\",\"breadcrumb\":{\"@id\":\"https:\\\/\\\/mediacycles.fr\\\/les-cycles-le-gardiennage\\\/#breadcrumb\"},\"inLanguage\":\"en-US\",\"potentialAction\":[{\"@type\":\"ReadAction\",\"target\":[\"https:\\\/\\\/mediacycles.fr\\\/les-cycles-le-gardiennage\\\/\"]}]},{\"@type\":\"ImageObject\",\"inLanguage\":\"en-US\",\"@id\":\"https:\\\/\\\/mediacycles.fr\\\/les-cycles-le-gardiennage\\\/#primaryimage\",\"url\":\"https:\\\/\\\/mediacycles.fr\\\/wp-content\\\/uploads\\\/2022\\\/07\\\/bandeau-09-scaled.jpg\",\"contentUrl\":\"https:\\\/\\\/mediacycles.fr\\\/wp-content\\\/uploads\\\/2022\\\/07\\\/bandeau-09-scaled.jpg\"},{\"@type\":\"BreadcrumbList\",\"@id\":\"https:\\\/\\\/mediacycles.fr\\\/les-cycles-le-gardiennage\\\/#breadcrumb\",\"itemListElement\":[{\"@type\":\"ListItem\",\"position\":1,\"name\":\"Accueil\",\"item\":\"https:\\\/\\\/mediacycles.fr\\\/\"},{\"@type\":\"ListItem\",\"position\":2,\"name\":\"Cycles &#8211; Guarding\"}]},{\"@type\":\"WebSite\",\"@id\":\"https:\\\/\\\/mediacycles.fr\\\/#website\",\"url\":\"https:\\\/\\\/mediacycles.fr\\\/\",\"name\":\"Media cycles\",\"description\":\"\",\"publisher\":{\"@id\":\"https:\\\/\\\/mediacycles.fr\\\/#organization\"},\"potentialAction\":[{\"@type\":\"SearchAction\",\"target\":{\"@type\":\"EntryPoint\",\"urlTemplate\":\"https:\\\/\\\/mediacycles.fr\\\/?s={search_term_string}\"},\"query-input\":{\"@type\":\"PropertyValueSpecification\",\"valueRequired\":true,\"valueName\":\"search_term_string\"}}],\"inLanguage\":\"en-US\"},{\"@type\":\"Organization\",\"@id\":\"https:\\\/\\\/mediacycles.fr\\\/#organization\",\"name\":\"Media cycles\",\"url\":\"https:\\\/\\\/mediacycles.fr\\\/\",\"logo\":{\"@type\":\"ImageObject\",\"inLanguage\":\"en-US\",\"@id\":\"https:\\\/\\\/mediacycles.fr\\\/#\\\/schema\\\/logo\\\/image\\\/\",\"url\":\"https:\\\/\\\/mediacycles.fr\\\/wp-content\\\/uploads\\\/2022\\\/05\\\/MC-LOGO-QUADRI-HAUTEUR.svg\",\"contentUrl\":\"https:\\\/\\\/mediacycles.fr\\\/wp-content\\\/uploads\\\/2022\\\/05\\\/MC-LOGO-QUADRI-HAUTEUR.svg\",\"width\":595,\"height\":481,\"caption\":\"Media cycles\"},\"image\":{\"@id\":\"https:\\\/\\\/mediacycles.fr\\\/#\\\/schema\\\/logo\\\/image\\\/\"}}]}<\/script>\n<!-- \/ Yoast SEO plugin. -->","yoast_head_json":{"title":"Cycles - Guarding - Media cycles","description":"Would you like to have your bike looked after in complete safety in the Mulhouse area? Come and discover our two types of bike storage.","robots":{"index":"index","follow":"follow","max-snippet":"max-snippet:-1","max-image-preview":"max-image-preview:large","max-video-preview":"max-video-preview:-1"},"canonical":"https:\/\/mediacycles.fr\/les-cycles-le-gardiennage\/","og_locale":"en_US","og_type":"article","og_title":"Cycles - Guarding - Media cycles","og_description":"Would you like to have your bike looked after in complete safety in the Mulhouse area? Come and discover our two types of bike storage.","og_url":"https:\/\/mediacycles.fr\/les-cycles-le-gardiennage\/","og_site_name":"Media cycles","article_modified_time":"2025-01-22T09:38:23+00:00","og_image":[{"width":2560,"height":588,"url":"https:\/\/mediacycles.fr\/wp-content\/uploads\/2022\/07\/bandeau-09-scaled.jpg","type":"image\/jpeg"}],"twitter_card":"summary_large_image","twitter_misc":{"Est. reading time":"2 minutes"},"schema":{"@context":"https:\/\/schema.org","@graph":[{"@type":"WebPage","@id":"https:\/\/mediacycles.fr\/les-cycles-le-gardiennage\/","url":"https:\/\/mediacycles.fr\/les-cycles-le-gardiennage\/","name":"Cycles - Guarding - Media cycles","isPartOf":{"@id":"https:\/\/mediacycles.fr\/#website"},"primaryImageOfPage":{"@id":"https:\/\/mediacycles.fr\/les-cycles-le-gardiennage\/#primaryimage"},"image":{"@id":"https:\/\/mediacycles.fr\/les-cycles-le-gardiennage\/#primaryimage"},"thumbnailUrl":"https:\/\/mediacycles.fr\/wp-content\/uploads\/2022\/07\/bandeau-09-scaled.jpg","datePublished":"2022-07-14T13:23:49+00:00","dateModified":"2025-01-22T09:38:23+00:00","description":"Would you like to have your bike looked after in complete safety in the Mulhouse area? Come and discover our two types of bike storage.","breadcrumb":{"@id":"https:\/\/mediacycles.fr\/les-cycles-le-gardiennage\/#breadcrumb"},"inLanguage":"en-US","potentialAction":[{"@type":"ReadAction","target":["https:\/\/mediacycles.fr\/les-cycles-le-gardiennage\/"]}]},{"@type":"ImageObject","inLanguage":"en-US","@id":"https:\/\/mediacycles.fr\/les-cycles-le-gardiennage\/#primaryimage","url":"https:\/\/mediacycles.fr\/wp-content\/uploads\/2022\/07\/bandeau-09-scaled.jpg","contentUrl":"https:\/\/mediacycles.fr\/wp-content\/uploads\/2022\/07\/bandeau-09-scaled.jpg"},{"@type":"BreadcrumbList","@id":"https:\/\/mediacycles.fr\/les-cycles-le-gardiennage\/#breadcrumb","itemListElement":[{"@type":"ListItem","position":1,"name":"Accueil","item":"https:\/\/mediacycles.fr\/"},{"@type":"ListItem","position":2,"name":"Cycles &#8211; Guarding"}]},{"@type":"WebSite","@id":"https:\/\/mediacycles.fr\/#website","url":"https:\/\/mediacycles.fr\/","name":"Media cycles","description":"","publisher":{"@id":"https:\/\/mediacycles.fr\/#organization"},"potentialAction":[{"@type":"SearchAction","target":{"@type":"EntryPoint","urlTemplate":"https:\/\/mediacycles.fr\/?s={search_term_string}"},"query-input":{"@type":"PropertyValueSpecification","valueRequired":true,"valueName":"search_term_string"}}],"inLanguage":"en-US"},{"@type":"Organization","@id":"https:\/\/mediacycles.fr\/#organization","name":"Media cycles","url":"https:\/\/mediacycles.fr\/","logo":{"@type":"ImageObject","inLanguage":"en-US","@id":"https:\/\/mediacycles.fr\/#\/schema\/logo\/image\/","url":"https:\/\/mediacycles.fr\/wp-content\/uploads\/2022\/05\/MC-LOGO-QUADRI-HAUTEUR.svg","contentUrl":"https:\/\/mediacycles.fr\/wp-content\/uploads\/2022\/05\/MC-LOGO-QUADRI-HAUTEUR.svg","width":595,"height":481,"caption":"Media cycles"},"image":{"@id":"https:\/\/mediacycles.fr\/#\/schema\/logo\/image\/"}}]}},"_links":{"self":[{"href":"https:\/\/mediacycles.fr\/en\/wp-json\/wp\/v2\/pages\/1785","targetHints":{"allow":["GET"]}}],"collection":[{"href":"https:\/\/mediacycles.fr\/en\/wp-json\/wp\/v2\/pages"}],"about":[{"href":"https:\/\/mediacycles.fr\/en\/wp-json\/wp\/v2\/types\/page"}],"author":[{"embeddable":true,"href":"https:\/\/mediacycles.fr\/en\/wp-json\/wp\/v2\/users\/3"}],"replies":[{"embeddable":true,"href":"https:\/\/mediacycles.fr\/en\/wp-json\/wp\/v2\/comments?post=1785"}],"version-history":[{"count":43,"href":"https:\/\/mediacycles.fr\/en\/wp-json\/wp\/v2\/pages\/1785\/revisions"}],"predecessor-version":[{"id":3819,"href":"https:\/\/mediacycles.fr\/en\/wp-json\/wp\/v2\/pages\/1785\/revisions\/3819"}],"wp:attachment":[{"href":"https:\/\/mediacycles.fr\/en\/wp-json\/wp\/v2\/media?parent=1785"}],"curies":[{"name":"wp","href":"https:\/\/api.w.org\/{rel}","templated":true}]}}